{"id":3233,"date":"2025-03-14T10:51:01","date_gmt":"2025-03-14T09:51:01","guid":{"rendered":"https:\/\/metalia.si\/cookies\/"},"modified":"2026-02-03T13:08:10","modified_gmt":"2026-02-03T12:08:10","slug":"cookies","status":"publish","type":"page","link":"https:\/\/metalia.si\/de\/cookies\/","title":{"rendered":"Cookies"},"content":{"rendered":"\t\t<div data-elementor-type=\"wp-page\" data-elementor-id=\"3233\" class=\"elementor elementor-3233 elementor-2626\" data-elementor-post-type=\"page\">\n\t\t\t\t<div class=\"elementor-element elementor-element-2030273 e-flex e-con-boxed e-con e-parent\" data-id=\"2030273\" data-element_type=\"container\">\n\t\t\t\t\t<div class=\"e-con-inner\">\n\t\t\t\t<div class=\"elementor-element elementor-element-71c4776 elementor-widget elementor-widget-text-editor\" data-id=\"71c4776\" data-element_type=\"widget\" data-widget_type=\"text-editor.default\">\n\t\t\t\t<div class=\"elementor-widget-container\">\n\t\t\t\t\t\t\t\t\t<p><strong>Inhaltsverzeichnis<\/strong><\/p><ul><li>Was sind Cookies?<\/li><li>Warum sind Cookies notwendig?<\/li><li>Warum verwendet unsere Webseite Cookies?<\/li><li>Deaktivierung von Cookies<\/li><li>Arten von Cookies, die wir auf dieser Webseite verwenden<\/li><li>Tabelle der verwendeten Cookies<\/li><\/ul><p><strong>Was sind Cookies?<\/strong><\/p><p>Cookies sind kleine Dateien, die wir auf Ihren Computer laden, um die Benutzererfahrung zu verbessern. Cookies selbst enthalten keine Daten. Sie haben jederzeit die M\u00f6glichkeit, Cookies zu akzeptieren oder abzulehnen. Ihre Speicherung unterliegt der vollst\u00e4ndigen Kontrolle des Browsers, den der Benutzer verwendet. Cookies sind kleine Dateien, die besuchte Webseiten an Ihren Computer senden und dort speichern. Sie enthalten normalerweise: den Namen des Servers, von dem der Cookie gesendet wurde; die Lebensdauer des Cookies; den Wert (eine eindeutige Nummer). Cookies werden im Dateiordner des Webbrowsers gespeichert. Beim n\u00e4chsten Besuch der Webseite liest der Browser den Cookie und leitet die Informationen an die Webseite oder ein anderes Element weiter, das den Cookie gesetzt hat.       <\/p><p><strong>Warum sind Cookies notwendig?<\/strong><\/p><p>Sie sind von grundlegender Bedeutung, um benutzerfreundliche Webdienste bereitzustellen. Die Interaktion zwischen dem Webbenutzer und der Webseite ist mithilfe von Cookies schneller und einfacher. Mit ihrer Hilfe merkt sich die Webseite die Pr\u00e4ferenzen und Erfahrungen des Einzelnen, wodurch Zeit gespart und das Surfen auf Webseiten effizienter und freundlicher wird.  <\/p><p>Einige konkrete Beispiele f\u00fcr die Verwendung von Cookies:<\/p><ul><li>F\u00fcr eine bessere Benutzererfahrung der Webseite passen wir die Anzeige der Inhalte f\u00fcr Besucher basierend auf fr\u00fcheren Besuchen an<\/li><li>Zum Speichern der Auswahl bei der Erstellung einer engeren Auswahl von Ger\u00e4ten und Angeboten sowie deren Vergleich<\/li><li>Auf Teilen von Webseiten, auf denen eine Anmeldung erforderlich ist, halten wir Sie angemeldet<\/li><li>Zur Erkennung Ihres Ger\u00e4ts (Computer, Tablet, Mobiltelefon), was die Anpassung der Anzeige von Inhalten an Ihr Ger\u00e4t erm\u00f6glicht<\/li><li>Zur Verfolgung von Besuchen, was die \u00dcberpr\u00fcfung der Wirksamkeit der Anzeige von Inhalten und der Angemessenheit von Anzeigen sowie die st\u00e4ndige Verbesserung von Webseiten erm\u00f6glicht<\/li><li>F\u00fcr das Funktionieren bestimmter Dienste sind sie unerl\u00e4sslich (z. B. Online-Shops und andere Formen des E-Commerce, \u2026)<\/li><\/ul><p><strong>Warum verwendet unsere Webseite Cookies?<\/strong><\/p><p>Cookies sind ein wichtiges Mittel, um frische und geeignete Inhalte zu erhalten, die den Interessen und Pr\u00e4ferenzen des einzelnen Webbenutzers entsprechen. Die Gr\u00fcnde f\u00fcr die Verwendung von Cookies ergeben sich aus ihren Eigenschaften, eine davon ist die Speicherung von Daten \u00fcber den Zustand einer einzelnen Webseite), Cookies helfen bei der Durchf\u00fchrung verschiedener Webdienste (Online-Shops), sie helfen bei der Sammlung verschiedener Statistiken, da nur mit ihnen die H\u00e4ufigkeit des Besuchs einer bestimmten Webseite verfolgt werden kann. Mithilfe von Cookies kann der Betreiber einer Webseite die Wirksamkeit des Designs seiner Webseite sowie die Angemessenheit der Art und Anzahl der Anzeigen beurteilen, die Dritte den Nutzern auf seiner Webseite anbieten.  <\/p><p><strong>Deaktivierung von Cookies<\/strong><\/p><p>Sie entscheiden selbst, ob Sie die Speicherung von Cookies auf Ihrem Computer zulassen oder nicht. Sie k\u00f6nnen die Einstellungen f\u00fcr Cookies mithilfe der ausgew\u00e4hlten Einstellungen des Webbrowsers steuern und \u00e4ndern. F\u00fcr Informationen \u00fcber die Einstellungen f\u00fcr Cookies w\u00e4hlen Sie den Webbrowser aus, den Sie verwenden.  <\/p><ul><li><a href=\"https:\/\/support.google.com\/chrome\/answer\/95647?hl=sl-sl&amp;p=cpn_cookies\" target=\"_blank\" rel=\"noopener\">Chrome<\/a><\/li><li><a href=\"https:\/\/support.mozilla.org\/sl\/kb\/izbrisite-piskotke-podatke-strani\" target=\"_blank\" rel=\"noopener\">Firefox<\/a><\/li><li><a href=\"https:\/\/support.microsoft.com\/sl-si\/windows\/upravljanje-pi%C5%A1kotkov-v-brskalniku-microsoft-edge-ogled-omogo%C4%8Danje-blokiranje-brisanje-in-uporaba-168dab11-0753-043d-7c16-ede5947fc64d\" target=\"_blank\" rel=\"noopener\">Edge<\/a><\/li><li><a href=\"http:\/\/www.opera.com\/help\/tutorials\/security\/cookies\/\" target=\"_blank\" rel=\"noopener\">Opera<\/a> (Seite in englischer Sprache)<\/li><li><a href=\"https:\/\/support.apple.com\/sl-si\/guide\/safari\/sfri11471\/mac\" target=\"_blank\" rel=\"noopener\">Safari<\/a><\/li><\/ul><p><strong>Arten von Cookies, die wir auf dieser Webseite verwenden<\/strong><\/p><p>Um das Funktionieren aller Funktionen der Webseite zu gew\u00e4hrleisten, werden die folgenden Cookies (engl. cookies) verwendet:<\/p><ul><li>Cookies f\u00fcr analytische Zwecke<\/li><li>Cookie zur Verfolgung der Reiseroute nicht registrierter Benutzer<\/li><li>Bestimmte Inhalte werden f\u00fcr einen bestimmten Benutzer angepasst, die Analyse des Besuchs der Webseite erm\u00f6glicht eine st\u00e4ndige Verbesserung der Webseite<\/li><\/ul><p>Eine genaue Beschreibung des einzelnen Cookies und der Zeitpunkt seiner Installation sind aus den folgenden Tabellen ersichtlich:<\/p><p>1. Gruppe: Notwendige Cookies<\/p><p>Cookies sind Textdateien, die auf dem Server Ihren Computer erkennen. Cookies selbst erkennen keinen einzelnen Benutzer, sondern den Computer, der f\u00fcr den Zugriff auf die Webseite verwendet wurde. Notwendige Cookies machen die Webseite nutzbar, indem sie grundlegende Funktionen wie die Navigation auf der Seite und den Zugriff auf sichere Bereiche der Webseite erm\u00f6glichen. Ohne diese Cookies funktioniert die Webseite nicht richtig.   <\/p><p>2. Gruppe: Optionale\/analytische Cookies<\/p><p>Cookies f\u00fcr Statistiken helfen den Eigent\u00fcmern von Webseiten zu verstehen, wie Besucher die Webseite nutzen, indem sie anonym Informationen sammeln und melden.<\/p><p>3. Gruppe: Cookies f\u00fcr Marketing<\/p><p>Sie werden verwendet, um Benutzer \u00fcber die Webseite zu verfolgen. Der Zweck ist die Anzeige von Anzeigen, die f\u00fcr den einzelnen Benutzer geeignet und interessant sind. <\/p>\t\t\t\t\t\t\t\t<\/div>\n\t\t\t\t<\/div>\n\t\t\t\t<div class=\"elementor-element elementor-element-6274fac elementor-widget elementor-widget-heading\" data-id=\"6274fac\" data-element_type=\"widget\" data-widget_type=\"heading.default\">\n\t\t\t\t<div class=\"elementor-widget-container\">\n\t\t\t\t\t<h3 class=\"elementor-heading-title elementor-size-default\">Tabelle der verwendeten Cookies<\/h3>\t\t\t\t<\/div>\n\t\t\t\t<\/div>\n\t\t\t\t<div class=\"elementor-element elementor-element-aea60bd metalia-cookieyes elementor-widget elementor-widget-html\" data-id=\"aea60bd\" data-element_type=\"widget\" data-widget_type=\"html.default\">\n\t\t\t\t<div class=\"elementor-widget-container\">\n\t\t\t\t\t<div class=\"cky-audit-table-element\"\/>\t\t\t\t<\/div>\n\t\t\t\t<\/div>\n\t\t\t\t\t<\/div>\n\t\t\t\t<\/div>\n\t\t\t\t<\/div>\n\t\t","protected":false},"excerpt":{"rendered":"Inhaltsverzeichnis Was sind Cookies? Warum sind Cookies notwendig? Warum verwendet unsere Webseite Cookies? Deaktivierung von Cookies Arten von Cookies, die wir auf dieser Webseite verwenden Tabelle der verwendeten Cookies Was sind Cookies? Cookies sind kleine Dateien, die wir auf Ihren Computer laden, um die Benutzererfahrung zu verbessern. Cookies selbst enthalten keine Daten. Sie haben jederzeit&#8230; <a class=\"view-article\" href=\"https:\/\/metalia.si\/de\/cookies\/\">View Article<\/a>","protected":false},"author":1,"featured_media":0,"parent":0,"menu_order":0,"comment_status":"closed","ping_status":"closed","template":"","meta":{"_acf_changed":false,"footnotes":""},"class_list":["post-3233","page","type-page","status-publish","hentry"],"acf":[],"_links":{"self":[{"href":"https:\/\/metalia.si\/de\/wp-json\/wp\/v2\/pages\/3233","targetHints":{"allow":["GET"]}}],"collection":[{"href":"https:\/\/metalia.si\/de\/wp-json\/wp\/v2\/pages"}],"about":[{"href":"https:\/\/metalia.si\/de\/wp-json\/wp\/v2\/types\/page"}],"author":[{"embeddable":true,"href":"https:\/\/metalia.si\/de\/wp-json\/wp\/v2\/users\/1"}],"replies":[{"embeddable":true,"href":"https:\/\/metalia.si\/de\/wp-json\/wp\/v2\/comments?post=3233"}],"version-history":[{"count":1,"href":"https:\/\/metalia.si\/de\/wp-json\/wp\/v2\/pages\/3233\/revisions"}],"predecessor-version":[{"id":3234,"href":"https:\/\/metalia.si\/de\/wp-json\/wp\/v2\/pages\/3233\/revisions\/3234"}],"wp:attachment":[{"href":"https:\/\/metalia.si\/de\/wp-json\/wp\/v2\/media?parent=3233"}],"curies":[{"name":"wp","href":"https:\/\/api.w.org\/{rel}","templated":true}]}}